{"id":418,"date":"2018-07-20T10:35:44","date_gmt":"2018-07-20T13:35:44","guid":{"rendered":"https:\/\/www.gloriavalleeventos.com.br\/?page_id=418"},"modified":"2026-03-25T14:28:19","modified_gmt":"2026-03-25T17:28:19","slug":"home","status":"publish","type":"page","link":"https:\/\/www.gloriavalleeventos.com.br\/","title":{"rendered":"Home"},"content":{"rendered":"","protected":false},"excerpt":{"rendered":"<p>Mais de 30 anos no mercado, a produtora de eventos Gl\u00f3ria Valle Eventos, organiza sua festa e decora\u00e7\u00e3o corporativa com tudo que tem direito!<br \/>\nEspecializados em eventos de comemorativos, barraquinhas de alimenta\u00e7\u00e3o, entretenimento, SIPAT, brinquedos, decora\u00e7\u00e3o, festa junina e muito mais!<br \/>\nPe\u00e7a j\u00e1 seu or\u00e7amento!<\/p>\n","protected":false},"author":1,"featured_media":0,"parent":0,"menu_order":0,"comment_status":"closed","ping_status":"closed","template":"","meta":{"_exactmetrics_skip_tracking":false,"_exactmetrics_sitenote_active":false,"_exactmetrics_sitenote_note":"","_exactmetrics_sitenote_category":0,"footnotes":""},"class_list":["post-418","page","type-page","status-publish","hentry"],"_links":{"self":[{"href":"https:\/\/www.gloriavalleeventos.com.br\/index.php?rest_route=\/wp\/v2\/pages\/418","targetHints":{"allow":["GET"]}}],"collection":[{"href":"https:\/\/www.gloriavalleeventos.com.br\/index.php?rest_route=\/wp\/v2\/pages"}],"about":[{"href":"https:\/\/www.gloriavalleeventos.com.br\/index.php?rest_route=\/wp\/v2\/types\/page"}],"author":[{"embeddable":true,"href":"https:\/\/www.gloriavalleeventos.com.br\/index.php?rest_route=\/wp\/v2\/users\/1"}],"replies":[{"embeddable":true,"href":"https:\/\/www.gloriavalleeventos.com.br\/index.php?rest_route=%2Fwp%2Fv2%2Fcomments&post=418"}],"version-history":[{"count":3,"href":"https:\/\/www.gloriavalleeventos.com.br\/index.php?rest_route=\/wp\/v2\/pages\/418\/revisions"}],"predecessor-version":[{"id":497,"href":"https:\/\/www.gloriavalleeventos.com.br\/index.php?rest_route=\/wp\/v2\/pages\/418\/revisions\/497"}],"wp:attachment":[{"href":"https:\/\/www.gloriavalleeventos.com.br\/index.php?rest_route=%2Fwp%2Fv2%2Fmedia&parent=418"}],"curies":[{"name":"wp","href":"https:\/\/api.w.org\/{rel}","templated":true}]}}